{"id":4897,"date":"2015-09-06T12:39:30","date_gmt":"2015-09-06T11:39:30","guid":{"rendered":"http:\/\/meilinbristiel.com\/leblogdemeilin\/?page_id=4897"},"modified":"2016-01-27T14:14:10","modified_gmt":"2016-01-27T13:14:10","slug":"palais-des-rohans-strasbourg","status":"publish","type":"page","link":"https:\/\/meilinbristiel.com\/leblogdemeilin\/furniture\/palais-des-rohans-strasbourg\/","title":{"rendered":"Palais des Rohans, Strasbourg"},"content":{"rendered":"<p>Lieu de r\u00e9sidence des quatre cardinaux de Rohan, h\u00f4tel de ville, puis palais imp\u00e9rial et royal, le palais Rohan est un remarquable t\u00e9moignage de l&rsquo;art de vivre princier au XVIIIe si\u00e8cle.<\/p>\n<p><i><b>Grande console rocailles, vers 1740, salon des \u00e9v\u00eaques, Palais des Rohans, Musee des arts Beaux-Arts de Strasbourg<\/b><\/i><\/p>\n<p><img loading=\"lazy\" decoding=\"async\" class=\"alignnone size-full wp-image-4898\" src=\"https:\/\/meilinbristiel.com\/leblogdemeilin\/wp-content\/uploads\/2015\/09\/IMG_0935.jpg\" alt=\"IMG_0935\" width=\"960\" height=\"1280\" srcset=\"https:\/\/meilinbristiel.com\/leblogdemeilin\/wp-content\/uploads\/2015\/09\/IMG_0935.jpg 960w, https:\/\/meilinbristiel.com\/leblogdemeilin\/wp-content\/uploads\/2015\/09\/IMG_0935-225x300.jpg 225w, https:\/\/meilinbristiel.com\/leblogdemeilin\/wp-content\/uploads\/2015\/09\/IMG_0935-768x1024.jpg 768w\" sizes=\"auto, (max-width: 960px) 100vw, 960px\" \/><\/p>\n<p><em><strong>Chaise \u00e0 la Reine ,\u00a0h\u00eatre. vers 1745, production locale<\/strong><\/em><\/p>\n<p><img loading=\"lazy\" decoding=\"async\" class=\"alignnone size-full wp-image-4900\" src=\"https:\/\/meilinbristiel.com\/leblogdemeilin\/wp-content\/uploads\/2015\/09\/IMG_0974.jpg\" alt=\"IMG_0974\" width=\"960\" height=\"1280\" srcset=\"https:\/\/meilinbristiel.com\/leblogdemeilin\/wp-content\/uploads\/2015\/09\/IMG_0974.jpg 960w, https:\/\/meilinbristiel.com\/leblogdemeilin\/wp-content\/uploads\/2015\/09\/IMG_0974-225x300.jpg 225w, https:\/\/meilinbristiel.com\/leblogdemeilin\/wp-content\/uploads\/2015\/09\/IMG_0974-768x1024.jpg 768w\" sizes=\"auto, (max-width: 960px) 100vw, 960px\" \/><\/p>\n<p><em><strong>Bureau \u00e0 cylindre\u00a0d&rsquo;\u00e9poque Louis XVI, estampille Teun\u00e9<\/strong><\/em><\/p>\n<p><img loading=\"lazy\" decoding=\"async\" class=\"alignnone size-full wp-image-4902\" src=\"https:\/\/meilinbristiel.com\/leblogdemeilin\/wp-content\/uploads\/2015\/09\/IMG_0990.jpg\" alt=\"IMG_0990\" width=\"1280\" height=\"960\" srcset=\"https:\/\/meilinbristiel.com\/leblogdemeilin\/wp-content\/uploads\/2015\/09\/IMG_0990.jpg 1280w, https:\/\/meilinbristiel.com\/leblogdemeilin\/wp-content\/uploads\/2015\/09\/IMG_0990-300x225.jpg 300w, https:\/\/meilinbristiel.com\/leblogdemeilin\/wp-content\/uploads\/2015\/09\/IMG_0990-1024x768.jpg 1024w\" sizes=\"auto, (max-width: 1280px) 100vw, 1280px\" \/><\/p>\n<p><em><strong>Cabinet d&rsquo;\u00e9poque Louis XIV, manufacture des Gobelins vers 1660-80<\/strong><\/em><\/p>\n<p><img loading=\"lazy\" decoding=\"async\" class=\"alignnone size-full wp-image-4904\" src=\"https:\/\/meilinbristiel.com\/leblogdemeilin\/wp-content\/uploads\/2015\/09\/IMG_0995.jpg\" alt=\"IMG_0995\" width=\"1280\" height=\"960\" srcset=\"https:\/\/meilinbristiel.com\/leblogdemeilin\/wp-content\/uploads\/2015\/09\/IMG_0995.jpg 1280w, https:\/\/meilinbristiel.com\/leblogdemeilin\/wp-content\/uploads\/2015\/09\/IMG_0995-300x225.jpg 300w, https:\/\/meilinbristiel.com\/leblogdemeilin\/wp-content\/uploads\/2015\/09\/IMG_0995-1024x768.jpg 1024w\" sizes=\"auto, (max-width: 1280px) 100vw, 1280px\" \/><\/p>\n<p><em><strong>Boiseries Rocaille, \u00e9poque Louis XV<\/strong><\/em><\/p>\n<p><img loading=\"lazy\" decoding=\"async\" class=\"alignnone size-full wp-image-5154\" src=\"https:\/\/meilinbristiel.com\/leblogdemeilin\/wp-content\/uploads\/2015\/09\/IMG_0945.jpg\" alt=\"IMG_0945\" width=\"1280\" height=\"1280\" srcset=\"https:\/\/meilinbristiel.com\/leblogdemeilin\/wp-content\/uploads\/2015\/09\/IMG_0945.jpg 1280w, https:\/\/meilinbristiel.com\/leblogdemeilin\/wp-content\/uploads\/2015\/09\/IMG_0945-290x290.jpg 290w, https:\/\/meilinbristiel.com\/leblogdemeilin\/wp-content\/uploads\/2015\/09\/IMG_0945-300x300.jpg 300w, https:\/\/meilinbristiel.com\/leblogdemeilin\/wp-content\/uploads\/2015\/09\/IMG_0945-1024x1024.jpg 1024w, https:\/\/meilinbristiel.com\/leblogdemeilin\/wp-content\/uploads\/2015\/09\/IMG_0945-50x50.jpg 50w\" sizes=\"auto, (max-width: 1280px) 100vw, 1280px\" \/> <img loading=\"lazy\" decoding=\"async\" class=\"alignnone size-full wp-image-5155\" src=\"https:\/\/meilinbristiel.com\/leblogdemeilin\/wp-content\/uploads\/2015\/09\/IMG_0948.jpg\" alt=\"IMG_0948\" width=\"1280\" height=\"1280\" srcset=\"https:\/\/meilinbristiel.com\/leblogdemeilin\/wp-content\/uploads\/2015\/09\/IMG_0948.jpg 1280w, https:\/\/meilinbristiel.com\/leblogdemeilin\/wp-content\/uploads\/2015\/09\/IMG_0948-290x290.jpg 290w, https:\/\/meilinbristiel.com\/leblogdemeilin\/wp-content\/uploads\/2015\/09\/IMG_0948-300x300.jpg 300w, https:\/\/meilinbristiel.com\/leblogdemeilin\/wp-content\/uploads\/2015\/09\/IMG_0948-1024x1024.jpg 1024w, https:\/\/meilinbristiel.com\/leblogdemeilin\/wp-content\/uploads\/2015\/09\/IMG_0948-50x50.jpg 50w\" sizes=\"auto, (max-width: 1280px) 100vw, 1280px\" \/><\/p>\n<p><img loading=\"lazy\" decoding=\"async\" class=\"alignnone size-full wp-image-5156\" src=\"https:\/\/meilinbristiel.com\/leblogdemeilin\/wp-content\/uploads\/2015\/09\/IMG_4467.jpg\" alt=\"IMG_4467\" width=\"853\" height=\"1280\" srcset=\"https:\/\/meilinbristiel.com\/leblogdemeilin\/wp-content\/uploads\/2015\/09\/IMG_4467.jpg 853w, https:\/\/meilinbristiel.com\/leblogdemeilin\/wp-content\/uploads\/2015\/09\/IMG_4467-200x300.jpg 200w, https:\/\/meilinbristiel.com\/leblogdemeilin\/wp-content\/uploads\/2015\/09\/IMG_4467-682x1024.jpg 682w\" sizes=\"auto, (max-width: 853px) 100vw, 853px\" \/><\/p>\n","protected":false},"excerpt":{"rendered":"<p>Lieu de r\u00e9sidence des quatre cardinaux de Rohan, h\u00f4tel de ville, puis palais imp\u00e9rial et royal, le palais Rohan est un remarquable t\u00e9moignage de l&rsquo;art de vivre princier au XVIIIe si\u00e8cle. Grande console rocailles, vers 1740, salon des \u00e9v\u00eaques, Palais des Rohans, Musee des arts Beaux-Arts de Strasbourg Chaise \u00e0 la Reine ,\u00a0h\u00eatre. vers 1745, [&hellip;]<\/p>\n","protected":false},"author":2,"featured_media":0,"parent":3965,"menu_order":0,"comment_status":"open","ping_status":"closed","template":"","meta":{"site-sidebar-layout":"default","site-content-layout":"","ast-site-content-layout":"default","site-content-style":"default","site-sidebar-style":"default","ast-global-header-display":"","ast-banner-title-visibility":"","ast-main-header-display":"","ast-hfb-above-header-display":"","ast-hfb-below-header-display":"","ast-hfb-mobile-header-display":"","site-post-title":"","ast-breadcrumbs-content":"","ast-featured-img":"","footer-sml-layout":"","ast-disable-related-posts":"","theme-transparent-header-meta":"","adv-header-id-meta":"","stick-header-meta":"","header-above-stick-meta":"","header-main-stick-meta":"","header-below-stick-meta":"","astra-migrate-meta-layouts":"default","ast-page-background-enabled":"default","ast-page-background-meta":{"desktop":{"background-color":"var(--ast-global-color-4)","background-image":"","background-repeat":"repeat","background-position":"center center","background-size":"auto","background-attachment":"scroll","background-type":"","background-media":"","overlay-type":"","overlay-color":"","overlay-opacity":"","overlay-gradient":""},"tablet":{"background-color":"","background-image":"","background-repeat":"repeat","background-position":"center center","background-size":"auto","background-attachment":"scroll","background-type":"","background-media":"","overlay-type":"","overlay-color":"","overlay-opacity":"","overlay-gradient":""},"mobile":{"background-color":"","background-image":"","background-repeat":"repeat","background-position":"center center","background-size":"auto","background-attachment":"scroll","background-type":"","background-media":"","overlay-type":"","overlay-color":"","overlay-opacity":"","overlay-gradient":""}},"ast-content-background-meta":{"desktop":{"background-color":"var(--ast-global-color-5)","background-image":"","background-repeat":"repeat","background-position":"center center","background-size":"auto","background-attachment":"scroll","background-type":"","background-media":"","overlay-type":"","overlay-color":"","overlay-opacity":"","overlay-gradient":""},"tablet":{"background-color":"var(--ast-global-color-5)","background-image":"","background-repeat":"repeat","background-position":"center center","background-size":"auto","background-attachment":"scroll","background-type":"","background-media":"","overlay-type":"","overlay-color":"","overlay-opacity":"","overlay-gradient":""},"mobile":{"background-color":"var(--ast-global-color-5)","background-image":"","background-repeat":"repeat","background-position":"center center","background-size":"auto","background-attachment":"scroll","background-type":"","background-media":"","overlay-type":"","overlay-color":"","overlay-opacity":"","overlay-gradient":""}},"ngg_post_thumbnail":0,"footnotes":""},"class_list":["post-4897","page","type-page","status-publish","hentry"],"_links":{"self":[{"href":"https:\/\/meilinbristiel.com\/leblogdemeilin\/wp-json\/wp\/v2\/pages\/4897","targetHints":{"allow":["GET"]}}],"collection":[{"href":"https:\/\/meilinbristiel.com\/leblogdemeilin\/wp-json\/wp\/v2\/pages"}],"about":[{"href":"https:\/\/meilinbristiel.com\/leblogdemeilin\/wp-json\/wp\/v2\/types\/page"}],"author":[{"embeddable":true,"href":"https:\/\/meilinbristiel.com\/leblogdemeilin\/wp-json\/wp\/v2\/users\/2"}],"replies":[{"embeddable":true,"href":"https:\/\/meilinbristiel.com\/leblogdemeilin\/wp-json\/wp\/v2\/comments?post=4897"}],"version-history":[{"count":3,"href":"https:\/\/meilinbristiel.com\/leblogdemeilin\/wp-json\/wp\/v2\/pages\/4897\/revisions"}],"predecessor-version":[{"id":5157,"href":"https:\/\/meilinbristiel.com\/leblogdemeilin\/wp-json\/wp\/v2\/pages\/4897\/revisions\/5157"}],"up":[{"embeddable":true,"href":"https:\/\/meilinbristiel.com\/leblogdemeilin\/wp-json\/wp\/v2\/pages\/3965"}],"wp:attachment":[{"href":"https:\/\/meilinbristiel.com\/leblogdemeilin\/wp-json\/wp\/v2\/media?parent=4897"}],"curies":[{"name":"wp","href":"https:\/\/api.w.org\/{rel}","templated":true}]}}