{"id":4907,"date":"2015-09-06T12:52:14","date_gmt":"2015-09-06T11:52:14","guid":{"rendered":"http:\/\/meilinbristiel.com\/leblogdemeilin\/?page_id=4907"},"modified":"2016-02-01T09:33:42","modified_gmt":"2016-02-01T08:33:42","slug":"musee-magnin-dijon","status":"publish","type":"page","link":"https:\/\/meilinbristiel.com\/leblogdemeilin\/furniture\/musee-magnin-dijon\/","title":{"rendered":"Musee Magnin, Dijon"},"content":{"rendered":"<p>Le Mus\u00e9e Magnin est install\u00e9 dans un des plus beaux hotels particuliers du XVIIe si\u00e8cle de Dijon. Modifi\u00e9 et agrandi au XIXe puis au XXe si\u00e8cle, il accueille les collections de Maurice et Jeanne Magnin, qui firent don \u00e0 la ville du l&rsquo;hotel ainsi que de son contenu. Les collections d&rsquo;oeuvres d&rsquo;art sont ainsi pr\u00e9sent\u00e9es dans un d\u00e9cor con\u00e7u pour elles par leurs propri\u00e9taires.\u00a0<\/p>\n<h2><em><strong>La\u00a0<\/strong><\/em><b><i>Biblioth\u00e8que<\/i><\/b><\/h2>\n<p>D<span style=\"font-family: Arial, sans-serif;\"><span style=\"font-size: medium;\">ans un d\u00e9cor \u00e9l\u00e9gant d\u2019\u00e9poque Louis XV, cette pi\u00e8ce fut am\u00e9nag\u00e9e pour rendre l\u2019atmosph\u00e8re intime d\u2019un salon\u00a0; rideaux de soie et damas tendu sur le panneau y contribuent.<\/span><\/span><\/p>\n<p><span style=\"font-family: Arial, sans-serif;\"><span style=\"font-size: medium;\">Mobilier, peintures et sculptures enrichissent cette pi\u00e8ce domin\u00e9e par la grande biblioth\u00e8que vitr\u00e9e datant du XIX<\/span><\/span><span style=\"font-family: Arial, sans-serif;\"><span style=\"font-size: medium;\">e<\/span><\/span><span style=\"font-family: Arial, sans-serif;\"><span style=\"font-size: medium;\">\u00a0si\u00e8cle. Au-dessus de l\u2019une des portes et du miroir, des instruments sculpt\u00e9s d\u00e9notent l\u2019int\u00e9r\u00eat du propri\u00e9taire pour la musique\u00a0; le fr\u00e8re d\u2019Etienne Lantin fut le parrain de Jean-Baptiste Rameau, le grand compositeur dijonnais.<\/span><\/span><\/p>\n<p><em><strong>Mobilier d&rsquo;\u00e9poque Louis XVI<\/strong><\/em><\/p>\n<p><img loading=\"lazy\" decoding=\"async\" class=\"alignnone size-full wp-image-5184\" src=\"https:\/\/meilinbristiel.com\/leblogdemeilin\/wp-content\/uploads\/2015\/09\/IMG_1399.jpg\" alt=\"IMG_1399\" width=\"960\" height=\"1280\" srcset=\"https:\/\/meilinbristiel.com\/leblogdemeilin\/wp-content\/uploads\/2015\/09\/IMG_1399.jpg 960w, https:\/\/meilinbristiel.com\/leblogdemeilin\/wp-content\/uploads\/2015\/09\/IMG_1399-225x300.jpg 225w, https:\/\/meilinbristiel.com\/leblogdemeilin\/wp-content\/uploads\/2015\/09\/IMG_1399-768x1024.jpg 768w\" sizes=\"auto, (max-width: 960px) 100vw, 960px\" \/><\/p>\n<p><img loading=\"lazy\" decoding=\"async\" class=\"alignnone size-full wp-image-4909\" src=\"https:\/\/meilinbristiel.com\/leblogdemeilin\/wp-content\/uploads\/2015\/09\/IMG_1402.jpg\" alt=\"IMG_1402\" width=\"960\" height=\"1280\" srcset=\"https:\/\/meilinbristiel.com\/leblogdemeilin\/wp-content\/uploads\/2015\/09\/IMG_1402.jpg 960w, https:\/\/meilinbristiel.com\/leblogdemeilin\/wp-content\/uploads\/2015\/09\/IMG_1402-225x300.jpg 225w, https:\/\/meilinbristiel.com\/leblogdemeilin\/wp-content\/uploads\/2015\/09\/IMG_1402-768x1024.jpg 768w\" sizes=\"auto, (max-width: 960px) 100vw, 960px\" \/><\/p>\n<p><em><strong>Secretaire,Adrien-J\u00e9r\u00f4me Jollain, entre 1763 et 1788\u00a0<\/strong><\/em><\/p>\n<p class=\"western\" align=\"JUSTIFY\"><span style=\"font-family: Arial, sans-serif;\"><span style=\"font-size: medium;\">Ce\u00a0<em>secr\u00e9taire en armoire<\/em>\u00a0fut r\u00e9alis\u00e9 par Adrien-J\u00e9r\u00f4me Jollain, nomm\u00e9 ma\u00eetre en 1763. Il est issu d\u2019une famille d\u2019horlogers et r\u00e9alisa essentiellement des bo\u00eetes \u00e0 pendules.<\/span><\/span><\/p>\n<p class=\"western\" align=\"JUSTIFY\"><span style=\"font-family: Arial, sans-serif;\"><span style=\"font-size: medium;\">Ce meuble est d\u00e9cor\u00e9 de panneaux en laque de Coromandel qui proviennent vraisemblablement d\u2019un paravent chinois. Cette technique, qui consiste \u00e0 graver le d\u00e9cor en creux puis \u00e0 le colorer, doit son nom \u00e0 la c\u00f4te orientale de l\u2019Inde par laquelle transitaient les objets de Chine avant d\u2019\u00eatre exp\u00e9di\u00e9s en Occident.\u00a0<\/span><\/span><\/p>\n<p class=\"western\" align=\"JUSTIFY\"><span style=\"font-family: Arial, sans-serif;\"><span style=\"font-size: medium;\">Ce d\u00e9cor refl\u00e8te l\u2019influence que la civilisation de l\u2019Extr\u00eame-Orient exer\u00e7a au XVIIIe\u00a0si\u00e8cle dans tous les domaines artistiques fran\u00e7ais. De grands \u00e9b\u00e9nistes du r\u00e8gne de Louis XV tels que Mathieu Criaerd, Jacques Dubois ou Martin Carlin employ\u00e8rent ce type de d\u00e9coration. Les grands merciers parisiens, d\u2019habiles marchands sp\u00e9cialis\u00e9s dans la vente des meubles \u00e0 la mode, s\u2019ing\u00e9niaient \u00e0 trouver \u00e0 la fois des chinoiseries et les \u00e9b\u00e9nistes capables de les incorporer dans leurs cr\u00e9ations, dans le but de satisfaire une client\u00e8le avide de nouveaut\u00e9s.<\/span><\/span><\/p>\n<p><img loading=\"lazy\" decoding=\"async\" class=\"alignnone size-full wp-image-4910\" src=\"https:\/\/meilinbristiel.com\/leblogdemeilin\/wp-content\/uploads\/2015\/09\/IMG_1403.jpg\" alt=\"IMG_1403\" width=\"964\" height=\"1280\" srcset=\"https:\/\/meilinbristiel.com\/leblogdemeilin\/wp-content\/uploads\/2015\/09\/IMG_1403.jpg 964w, https:\/\/meilinbristiel.com\/leblogdemeilin\/wp-content\/uploads\/2015\/09\/IMG_1403-226x300.jpg 226w, https:\/\/meilinbristiel.com\/leblogdemeilin\/wp-content\/uploads\/2015\/09\/IMG_1403-771x1024.jpg 771w\" sizes=\"auto, (max-width: 964px) 100vw, 964px\" \/><\/p>\n<h2><em><strong>La chambre<\/strong><\/em><\/h2>\n<p lang=\"zxx\" xml:lang=\"zxx\" align=\"JUSTIFY\"><span style=\"font-family: Arial, sans-serif;\">Cette pi\u00e8ce est d\u00e9cor\u00e9e d&rsquo;un mobilier du XVIII<\/span><span style=\"font-family: Arial, sans-serif;\">e\u00a0<\/span><span style=\"font-family: Arial, sans-serif;\">si\u00e8cle. Au centre, on peut admirer un tr\u00e8s \u00e9l\u00e9gant\u00a0<\/span><span style=\"font-family: Arial, sans-serif;\"><i>Secr\u00e9taire \u00e0 deux pentes<\/i><\/span><span style=\"font-family: Arial, sans-serif;\">\u00a0<\/span><span style=\"font-family: Arial, sans-serif;\">d&rsquo;\u00e9poque<\/span><span style=\"font-family: Arial, sans-serif;\">\u00a0Louis XV, estampill\u00e9 Bon Durand. La\u00a0<\/span><em><span style=\"font-family: Arial, sans-serif;\">Commode<\/span><\/em><span style=\"font-family: Arial, sans-serif;\">, aux motifs de vases de fleurs, th\u00e9i\u00e8res et troph\u00e9es d&rsquo;instruments de musique, est typique de l&rsquo;\u00e9poque Transition (p\u00e9riode interm\u00e9diaire entre le style Louis XV et le style Louis XVI) et son d\u00e9cor familier \u00e0 l&rsquo;\u00e9b\u00e9niste Jean-Baptiste Henry (ma\u00eetre en 1777) dont ce meuble porte l&rsquo;estampille.\u00a0<\/span><\/p>\n<p lang=\"zxx\" xml:lang=\"zxx\" align=\"JUSTIFY\">\u00a0<span style=\"font-family: Arial, sans-serif;\">Dans l&rsquo;alc\u00f4ve, le lit recouvert d&rsquo;une indienne \u00e0 fleurs conf\u00e8re \u00e0 cette salle une intimit\u00e9 inhabituelle dans un mus\u00e9e. La\u00a0<\/span><em><span style=\"font-family: Arial, sans-serif;\">Table en cabaret ovale<\/span><\/em><span style=\"font-family: Arial, sans-serif;\">\u00a0de Jean-Pierre Dusautoy (ma\u00eetre en 1779) rappelle le succ\u00e8s de ce mod\u00e8le et de son d\u00e9cor de marqueterie. Sa l\u00e9g\u00e8ret\u00e9 et ses roulettes rappelle que ce mod\u00e8le d emeubles avait vocation \u00e0 \u00eatre d\u00e9plac\u00e9 au gr\u00e9 des besoins.<\/span><\/p>\n<p lang=\"zxx\" xml:lang=\"zxx\" align=\"JUSTIFY\">\u00a0<span style=\"font-family: Arial, sans-serif;\">Les vagues damass\u00e9es de gourgouran ont \u00e9t\u00e9 retiss\u00e9es en 2009 au plus proche du d\u00e9cor, us\u00e9, des Magnin.<\/span><\/p>\n<p lang=\"zxx\" xml:lang=\"zxx\" align=\"JUSTIFY\">\u00a0<img loading=\"lazy\" decoding=\"async\" class=\"alignnone size-full wp-image-5180\" src=\"https:\/\/meilinbristiel.com\/leblogdemeilin\/wp-content\/uploads\/2015\/09\/IMG_1417.jpg\" alt=\"IMG_1417\" width=\"960\" height=\"1280\" srcset=\"https:\/\/meilinbristiel.com\/leblogdemeilin\/wp-content\/uploads\/2015\/09\/IMG_1417.jpg 960w, https:\/\/meilinbristiel.com\/leblogdemeilin\/wp-content\/uploads\/2015\/09\/IMG_1417-225x300.jpg 225w, https:\/\/meilinbristiel.com\/leblogdemeilin\/wp-content\/uploads\/2015\/09\/IMG_1417-768x1024.jpg 768w\" sizes=\"auto, (max-width: 960px) 100vw, 960px\" \/><\/p>\n<p lang=\"zxx\" xml:lang=\"zxx\" align=\"JUSTIFY\"><strong><span style=\"font-family: Arial, sans-serif;\"><i>Secr\u00e9taire \u00e0 deux pentes<\/i><\/span><span style=\"font-family: Arial, sans-serif;\">\u00a0<\/span><span style=\"font-family: Arial, sans-serif;\">d&rsquo;\u00e9poque<\/span><span style=\"font-family: Arial, sans-serif;\">\u00a0Louis XV, estampill\u00e9 Bon Durand<\/span><\/strong><\/p>\n<p><img loading=\"lazy\" decoding=\"async\" class=\"alignnone size-full wp-image-4911\" src=\"https:\/\/meilinbristiel.com\/leblogdemeilin\/wp-content\/uploads\/2015\/09\/IMG_1411.jpg\" alt=\"IMG_1411\" width=\"1280\" height=\"960\" srcset=\"https:\/\/meilinbristiel.com\/leblogdemeilin\/wp-content\/uploads\/2015\/09\/IMG_1411.jpg 1280w, https:\/\/meilinbristiel.com\/leblogdemeilin\/wp-content\/uploads\/2015\/09\/IMG_1411-300x225.jpg 300w, https:\/\/meilinbristiel.com\/leblogdemeilin\/wp-content\/uploads\/2015\/09\/IMG_1411-1024x768.jpg 1024w\" sizes=\"auto, (max-width: 1280px) 100vw, 1280px\" \/> <img loading=\"lazy\" decoding=\"async\" class=\"alignnone size-full wp-image-4912\" src=\"https:\/\/meilinbristiel.com\/leblogdemeilin\/wp-content\/uploads\/2015\/09\/IMG_1412.jpg\" alt=\"IMG_1412\" width=\"1059\" height=\"1280\" srcset=\"https:\/\/meilinbristiel.com\/leblogdemeilin\/wp-content\/uploads\/2015\/09\/IMG_1412.jpg 1059w, https:\/\/meilinbristiel.com\/leblogdemeilin\/wp-content\/uploads\/2015\/09\/IMG_1412-248x300.jpg 248w, https:\/\/meilinbristiel.com\/leblogdemeilin\/wp-content\/uploads\/2015\/09\/IMG_1412-847x1024.jpg 847w\" sizes=\"auto, (max-width: 1059px) 100vw, 1059px\" \/><\/p>\n<p><b><i>Coiffeuse<\/i><\/b><em><strong>\u00a0a trois caissons et un tiroir,\u00a0\u00e9poque Louis XV<\/strong><\/em><\/p>\n<p><img loading=\"lazy\" decoding=\"async\" class=\"alignnone size-full wp-image-4913\" src=\"https:\/\/meilinbristiel.com\/leblogdemeilin\/wp-content\/uploads\/2015\/09\/IMG_1414.jpg\" alt=\"IMG_1414\" width=\"960\" height=\"1280\" srcset=\"https:\/\/meilinbristiel.com\/leblogdemeilin\/wp-content\/uploads\/2015\/09\/IMG_1414.jpg 960w, https:\/\/meilinbristiel.com\/leblogdemeilin\/wp-content\/uploads\/2015\/09\/IMG_1414-225x300.jpg 225w, https:\/\/meilinbristiel.com\/leblogdemeilin\/wp-content\/uploads\/2015\/09\/IMG_1414-768x1024.jpg 768w\" sizes=\"auto, (max-width: 960px) 100vw, 960px\" \/><\/p>\n<p><b><i>Secr\u00e9taire<\/i><\/b><em><strong>\u00a0en trompe-l&rsquo;oeil, anonyme, vers 1770<\/strong><\/em><\/p>\n<p align=\"JUSTIFY\"><span style=\"color: #000000;\"><span style=\"font-family: Arial, sans-serif;\"><span style=\"font-size: medium;\">Ce\u00a0<em>secr\u00e9taire<\/em>, r\u00e9alis\u00e9 vers 1770, prend la forme d\u2019une armoire. Sur la fa\u00e7ade, un abattant formant \u00e9critoire s\u2019abaisse et d\u00e9voile casiers et tiroirs, dont l\u2019un peut \u00eatre garni du n\u00e9cessaire \u00e0 \u00e9criture : plume, encrier et parfois aussi poudrier.<\/span><\/span><\/span><\/p>\n<p align=\"JUSTIFY\"><span style=\"color: #000000;\"><span style=\"font-family: 'Times New Roman', serif;\"><span style=\"font-size: medium;\"><em><span style=\"font-family: Arial, sans-serif;\">Ce meuble est d\u00e9cor\u00e9 d\u2019une marqueterie dite \u00ab \u00e0 d\u00e9s \u00bb mise au point par l\u2019\u00e9b\u00e9niste Jean-Fran\u00e7ois Oeben (1721-1763). La surface du meuble semble anim\u00e9e de cubes en relief.\u00a0<\/span><\/em><\/span><\/span><\/span><\/p>\n<p><img loading=\"lazy\" decoding=\"async\" class=\"alignnone size-full wp-image-4914\" src=\"https:\/\/meilinbristiel.com\/leblogdemeilin\/wp-content\/uploads\/2015\/09\/IMG_1420.jpg\" alt=\"IMG_1420\" width=\"960\" height=\"1280\" srcset=\"https:\/\/meilinbristiel.com\/leblogdemeilin\/wp-content\/uploads\/2015\/09\/IMG_1420.jpg 960w, https:\/\/meilinbristiel.com\/leblogdemeilin\/wp-content\/uploads\/2015\/09\/IMG_1420-225x300.jpg 225w, https:\/\/meilinbristiel.com\/leblogdemeilin\/wp-content\/uploads\/2015\/09\/IMG_1420-768x1024.jpg 768w\" sizes=\"auto, (max-width: 960px) 100vw, 960px\" \/><\/p>\n<h2><em><strong>Le salon de famille<\/strong><\/em><\/h2>\n<p>Ce salon evoque un decor XIXe, \u00e9poque Napoleon III, d&rsquo;une atmosphere intimiste.\u00a0<\/p>\n<p><em><strong>Table a jeu et console<\/strong><\/em><\/p>\n<p>De forme plut\u00f4t Louis XV, la marqueterie Boulle rappelle l&rsquo;\u00e9poque Louis XIV et les espagnolettes la Regence&#8230;<\/p>\n<p><img loading=\"lazy\" decoding=\"async\" class=\"alignnone size-full wp-image-4915\" src=\"https:\/\/meilinbristiel.com\/leblogdemeilin\/wp-content\/uploads\/2015\/09\/IMG_1435.jpg\" alt=\"IMG_1435\" width=\"960\" height=\"1280\" srcset=\"https:\/\/meilinbristiel.com\/leblogdemeilin\/wp-content\/uploads\/2015\/09\/IMG_1435.jpg 960w, https:\/\/meilinbristiel.com\/leblogdemeilin\/wp-content\/uploads\/2015\/09\/IMG_1435-225x300.jpg 225w, https:\/\/meilinbristiel.com\/leblogdemeilin\/wp-content\/uploads\/2015\/09\/IMG_1435-768x1024.jpg 768w\" sizes=\"auto, (max-width: 960px) 100vw, 960px\" \/><\/p>\n<p><em><strong>Fauteuil en acajou, style Louis XV<\/strong><\/em>, restaur\u00e9 en 1992. La maison Prelle rechercha ses archives pour retourver une brocatelle de la meme teinte bleu outremer, presentant un motif quasi identique a l&rsquo;original. Les effets de satin propres a ce tissu, compose d&rsquo;une chaine et une trame de soie, sont dus a l&#8217;emploi d&rsquo;une trame de fond en lin<\/p>\n<p><img loading=\"lazy\" decoding=\"async\" class=\"alignnone size-full wp-image-4916\" src=\"https:\/\/meilinbristiel.com\/leblogdemeilin\/wp-content\/uploads\/2015\/09\/IMG_1436.jpg\" alt=\"IMG_1436\" width=\"1280\" height=\"960\" srcset=\"https:\/\/meilinbristiel.com\/leblogdemeilin\/wp-content\/uploads\/2015\/09\/IMG_1436.jpg 1280w, https:\/\/meilinbristiel.com\/leblogdemeilin\/wp-content\/uploads\/2015\/09\/IMG_1436-300x225.jpg 300w, https:\/\/meilinbristiel.com\/leblogdemeilin\/wp-content\/uploads\/2015\/09\/IMG_1436-1024x768.jpg 1024w\" sizes=\"auto, (max-width: 1280px) 100vw, 1280px\" \/>\u00a0<\/p>\n<p><em><strong>Bonheur-du-jour<\/strong><\/em> en bois de rose d&rsquo;\u00e9poque Napoleon III et de style Louis XV, avec incrustation de plaques d porcelaine de Paris<\/p>\n<p><img loading=\"lazy\" decoding=\"async\" class=\"alignnone size-full wp-image-5183\" src=\"https:\/\/meilinbristiel.com\/leblogdemeilin\/wp-content\/uploads\/2015\/09\/IMG_1434.jpg\" alt=\"IMG_1434\" width=\"1280\" height=\"900\" srcset=\"https:\/\/meilinbristiel.com\/leblogdemeilin\/wp-content\/uploads\/2015\/09\/IMG_1434.jpg 1280w, https:\/\/meilinbristiel.com\/leblogdemeilin\/wp-content\/uploads\/2015\/09\/IMG_1434-300x211.jpg 300w, https:\/\/meilinbristiel.com\/leblogdemeilin\/wp-content\/uploads\/2015\/09\/IMG_1434-1024x720.jpg 1024w\" sizes=\"auto, (max-width: 1280px) 100vw, 1280px\" \/><\/p>\n<p>Sur les mur est tendu une percale glac\u00e9 datant de 1850, qui fut refaite grace au m\u00e9c\u00e9nat de la maison Prelle. \u00a0L&rsquo;aspect brillant de cette fine toile de coton imprim\u00e9e est obtenu en faisant circuler le tissu entre deux rouleaux chauffes a une haute temperature, dont l&rsquo;un tourne plus vite que l&rsquo;autre.<\/p>\n<p><img loading=\"lazy\" decoding=\"async\" class=\"alignnone size-full wp-image-5182\" src=\"https:\/\/meilinbristiel.com\/leblogdemeilin\/wp-content\/uploads\/2015\/09\/IMG_1433.jpg\" alt=\"IMG_1433\" width=\"960\" height=\"1280\" srcset=\"https:\/\/meilinbristiel.com\/leblogdemeilin\/wp-content\/uploads\/2015\/09\/IMG_1433.jpg 960w, https:\/\/meilinbristiel.com\/leblogdemeilin\/wp-content\/uploads\/2015\/09\/IMG_1433-225x300.jpg 225w, https:\/\/meilinbristiel.com\/leblogdemeilin\/wp-content\/uploads\/2015\/09\/IMG_1433-768x1024.jpg 768w\" sizes=\"auto, (max-width: 960px) 100vw, 960px\" \/><\/p>\n","protected":false},"excerpt":{"rendered":"<p>Le Mus\u00e9e Magnin est install\u00e9 dans un des plus beaux hotels particuliers du XVIIe si\u00e8cle de Dijon. Modifi\u00e9 et agrandi au XIXe puis au XXe si\u00e8cle, il accueille les collections de Maurice et Jeanne Magnin, qui firent don \u00e0 la ville du l&rsquo;hotel ainsi que de son contenu. Les collections d&rsquo;oeuvres d&rsquo;art sont ainsi pr\u00e9sent\u00e9es [&hellip;]<\/p>\n","protected":false},"author":2,"featured_media":0,"parent":3965,"menu_order":0,"comment_status":"open","ping_status":"closed","template":"","meta":{"site-sidebar-layout":"default","site-content-layout":"","ast-site-content-layout":"default","site-content-style":"default","site-sidebar-style":"default","ast-global-header-display":"","ast-banner-title-visibility":"","ast-main-header-display":"","ast-hfb-above-header-display":"","ast-hfb-below-header-display":"","ast-hfb-mobile-header-display":"","site-post-title":"","ast-breadcrumbs-content":"","ast-featured-img":"","footer-sml-layout":"","ast-disable-related-posts":"","theme-transparent-header-meta":"","adv-header-id-meta":"","stick-header-meta":"","header-above-stick-meta":"","header-main-stick-meta":"","header-below-stick-meta":"","astra-migrate-meta-layouts":"default","ast-page-background-enabled":"default","ast-page-background-meta":{"desktop":{"background-color":"var(--ast-global-color-4)","background-image":"","background-repeat":"repeat","background-position":"center center","background-size":"auto","background-attachment":"scroll","background-type":"","background-media":"","overlay-type":"","overlay-color":"","overlay-opacity":"","overlay-gradient":""},"tablet":{"background-color":"","background-image":"","background-repeat":"repeat","background-position":"center center","background-size":"auto","background-attachment":"scroll","background-type":"","background-media":"","overlay-type":"","overlay-color":"","overlay-opacity":"","overlay-gradient":""},"mobile":{"background-color":"","background-image":"","background-repeat":"repeat","background-position":"center center","background-size":"auto","background-attachment":"scroll","background-type":"","background-media":"","overlay-type":"","overlay-color":"","overlay-opacity":"","overlay-gradient":""}},"ast-content-background-meta":{"desktop":{"background-color":"var(--ast-global-color-5)","background-image":"","background-repeat":"repeat","background-position":"center center","background-size":"auto","background-attachment":"scroll","background-type":"","background-media":"","overlay-type":"","overlay-color":"","overlay-opacity":"","overlay-gradient":""},"tablet":{"background-color":"var(--ast-global-color-5)","background-image":"","background-repeat":"repeat","background-position":"center center","background-size":"auto","background-attachment":"scroll","background-type":"","background-media":"","overlay-type":"","overlay-color":"","overlay-opacity":"","overlay-gradient":""},"mobile":{"background-color":"var(--ast-global-color-5)","background-image":"","background-repeat":"repeat","background-position":"center center","background-size":"auto","background-attachment":"scroll","background-type":"","background-media":"","overlay-type":"","overlay-color":"","overlay-opacity":"","overlay-gradient":""}},"ngg_post_thumbnail":0,"footnotes":""},"class_list":["post-4907","page","type-page","status-publish","hentry"],"_links":{"self":[{"href":"https:\/\/meilinbristiel.com\/leblogdemeilin\/wp-json\/wp\/v2\/pages\/4907","targetHints":{"allow":["GET"]}}],"collection":[{"href":"https:\/\/meilinbristiel.com\/leblogdemeilin\/wp-json\/wp\/v2\/pages"}],"about":[{"href":"https:\/\/meilinbristiel.com\/leblogdemeilin\/wp-json\/wp\/v2\/types\/page"}],"author":[{"embeddable":true,"href":"https:\/\/meilinbristiel.com\/leblogdemeilin\/wp-json\/wp\/v2\/users\/2"}],"replies":[{"embeddable":true,"href":"https:\/\/meilinbristiel.com\/leblogdemeilin\/wp-json\/wp\/v2\/comments?post=4907"}],"version-history":[{"count":7,"href":"https:\/\/meilinbristiel.com\/leblogdemeilin\/wp-json\/wp\/v2\/pages\/4907\/revisions"}],"predecessor-version":[{"id":5197,"href":"https:\/\/meilinbristiel.com\/leblogdemeilin\/wp-json\/wp\/v2\/pages\/4907\/revisions\/5197"}],"up":[{"embeddable":true,"href":"https:\/\/meilinbristiel.com\/leblogdemeilin\/wp-json\/wp\/v2\/pages\/3965"}],"wp:attachment":[{"href":"https:\/\/meilinbristiel.com\/leblogdemeilin\/wp-json\/wp\/v2\/media?parent=4907"}],"curies":[{"name":"wp","href":"https:\/\/api.w.org\/{rel}","templated":true}]}}