{"id":5075,"date":"2016-01-18T12:31:45","date_gmt":"2016-01-18T11:31:45","guid":{"rendered":"http:\/\/meilinbristiel.com\/leblogdemeilin\/?page_id=5075"},"modified":"2016-02-01T09:18:19","modified_gmt":"2016-02-01T08:18:19","slug":"mauresques","status":"publish","type":"page","link":"https:\/\/meilinbristiel.com\/leblogdemeilin\/materials-and-patterns-2\/mauresques\/","title":{"rendered":"Mauresques"},"content":{"rendered":"<p><span style=\"color: #000000;\"><span style=\"font-family: 'Times New Roman', serif;\"><span style=\"font-size: medium;\"><strong><em>La <u>mauresque<\/u><\/em><\/strong> partage une origine hell\u00e9nistique, et une histoire commune avec l&rsquo;arabesque. Il s&rsquo;agit d&rsquo;un rinceau transform\u00e9, \u00e9panoui et enrichi para la culture arabe. La mauresque est plus l\u00e9g\u00e8re, plus stylis\u00e9e et plus \u00e9pur\u00e9e que l&rsquo;arabesque. Elle est tr\u00e8s employ\u00e9e lors de la Renaissance.<\/span><\/span><\/span><\/p>\n<p>&nbsp;<\/p>\n<p><span style=\"color: #000000;\"><span style=\"font-family: 'Times New Roman', serif;\"><span style=\"font-size: medium;\"><i><b>Mauresque, Jacques Androuet du Cerceau, XVIe si\u00e8cle, biblioth\u00e8que de l&rsquo;INHA<\/b><\/i><\/span><\/span><\/span><\/p>\n<p><img loading=\"lazy\" decoding=\"async\" class=\"alignnone size-full wp-image-5113\" src=\"https:\/\/meilinbristiel.com\/leblogdemeilin\/wp-content\/uploads\/2016\/01\/grotesque-jacques-androuet-du-cerceau-16e.png\" alt=\"grotesque , jacques androuet du cerceau, 16e\" width=\"673\" height=\"900\" srcset=\"https:\/\/meilinbristiel.com\/leblogdemeilin\/wp-content\/uploads\/2016\/01\/grotesque-jacques-androuet-du-cerceau-16e.png 673w, https:\/\/meilinbristiel.com\/leblogdemeilin\/wp-content\/uploads\/2016\/01\/grotesque-jacques-androuet-du-cerceau-16e-224x300.png 224w\" sizes=\"auto, (max-width: 673px) 100vw, 673px\" \/><\/p>\n<p><em><strong>Peter Fl\u00f6tner, Mauresques et damasquinures, Z\u00fcrich, 1549, biblioth\u00e8que de l&rsquo;INHA<\/strong><\/em><\/p>\n<p><img loading=\"lazy\" decoding=\"async\" class=\"alignnone size-full wp-image-5114\" src=\"https:\/\/meilinbristiel.com\/leblogdemeilin\/wp-content\/uploads\/2016\/01\/Peter-Fl\u00f6tner-Mauresques-et-damasquinures-Z\u00fcrich-1549-biblioth\u00e8que-de-lINHA.jpg\" alt=\"Peter Fl\u00f6tner, Mauresques et damasquinures, Z\u00fcrich, 1549, biblioth\u00e8que de l'INHA\" width=\"1120\" height=\"1472\" srcset=\"https:\/\/meilinbristiel.com\/leblogdemeilin\/wp-content\/uploads\/2016\/01\/Peter-Fl\u00f6tner-Mauresques-et-damasquinures-Z\u00fcrich-1549-biblioth\u00e8que-de-lINHA.jpg 1120w, https:\/\/meilinbristiel.com\/leblogdemeilin\/wp-content\/uploads\/2016\/01\/Peter-Fl\u00f6tner-Mauresques-et-damasquinures-Z\u00fcrich-1549-biblioth\u00e8que-de-lINHA-228x300.jpg 228w, https:\/\/meilinbristiel.com\/leblogdemeilin\/wp-content\/uploads\/2016\/01\/Peter-Fl\u00f6tner-Mauresques-et-damasquinures-Z\u00fcrich-1549-biblioth\u00e8que-de-lINHA-779x1024.jpg 779w\" sizes=\"auto, (max-width: 1120px) 100vw, 1120px\" \/><\/p>\n<p><em><strong>Tenture soie renaissance italienne 1500-25 Genoa, Centre de documentation , Les Arts Decoratifs<\/strong><\/em><\/p>\n<p><img loading=\"lazy\" decoding=\"async\" class=\"alignnone size-full wp-image-5115\" src=\"https:\/\/meilinbristiel.com\/leblogdemeilin\/wp-content\/uploads\/2016\/01\/tenture-soie-renaissance-italienne-1500-25-Genoa.jpg\" alt=\"tenture soie renaissance italienne 1500-25 Genoa\" width=\"560\" height=\"747\" srcset=\"https:\/\/meilinbristiel.com\/leblogdemeilin\/wp-content\/uploads\/2016\/01\/tenture-soie-renaissance-italienne-1500-25-Genoa.jpg 560w, https:\/\/meilinbristiel.com\/leblogdemeilin\/wp-content\/uploads\/2016\/01\/tenture-soie-renaissance-italienne-1500-25-Genoa-225x300.jpg 225w\" sizes=\"auto, (max-width: 560px) 100vw, 560px\" \/><\/p>\n<p><b><i>Carrelage\u00a0emaill\u00e9 en 3D, Moyen Orient, V&amp;A<\/i><\/b><\/p>\n<p><img loading=\"lazy\" decoding=\"async\" class=\"alignnone size-full wp-image-5152\" src=\"https:\/\/meilinbristiel.com\/leblogdemeilin\/wp-content\/uploads\/2016\/01\/IMG_1026.jpg\" alt=\"IMG_1026\" width=\"640\" height=\"640\" srcset=\"https:\/\/meilinbristiel.com\/leblogdemeilin\/wp-content\/uploads\/2016\/01\/IMG_1026.jpg 640w, https:\/\/meilinbristiel.com\/leblogdemeilin\/wp-content\/uploads\/2016\/01\/IMG_1026-290x290.jpg 290w, https:\/\/meilinbristiel.com\/leblogdemeilin\/wp-content\/uploads\/2016\/01\/IMG_1026-300x300.jpg 300w, https:\/\/meilinbristiel.com\/leblogdemeilin\/wp-content\/uploads\/2016\/01\/IMG_1026-50x50.jpg 50w\" sizes=\"auto, (max-width: 640px) 100vw, 640px\" \/><\/p>\n<p><em><strong>R\u00e9f\u00e9rences:<\/strong><\/em><\/p>\n<p><a href=\"http:\/\/bibliotheque-numerique.inha.fr\/collection\/?navigation=cat&amp;b=1&amp;esa=resetall\" target=\"_blank\">http:\/\/bibliotheque-numerique.inha.fr\/collection\/?navigation=cat&amp;b=1&amp;esa=resetall<\/a><\/p>\n<p>http:\/\/bibliotheque-numerique.inha.fr\/collection\/?navigation=cat&#038;b=1&#038;esa=resetall<\/p>\n","protected":false},"excerpt":{"rendered":"<p>La mauresque partage une origine hell\u00e9nistique, et une histoire commune avec l&rsquo;arabesque. Il s&rsquo;agit d&rsquo;un rinceau transform\u00e9, \u00e9panoui et enrichi para la culture arabe. La mauresque est plus l\u00e9g\u00e8re, plus stylis\u00e9e et plus \u00e9pur\u00e9e que l&rsquo;arabesque. Elle est tr\u00e8s employ\u00e9e lors de la Renaissance. &nbsp; Mauresque, Jacques Androuet du Cerceau, XVIe si\u00e8cle, biblioth\u00e8que de l&rsquo;INHA [&hellip;]<\/p>\n","protected":false},"author":2,"featured_media":0,"parent":3967,"menu_order":0,"comment_status":"closed","ping_status":"closed","template":"","meta":{"site-sidebar-layout":"default","site-content-layout":"","ast-site-content-layout":"default","site-content-style":"default","site-sidebar-style":"default","ast-global-header-display":"","ast-banner-title-visibility":"","ast-main-header-display":"","ast-hfb-above-header-display":"","ast-hfb-below-header-display":"","ast-hfb-mobile-header-display":"","site-post-title":"","ast-breadcrumbs-content":"","ast-featured-img":"","footer-sml-layout":"","ast-disable-related-posts":"","theme-transparent-header-meta":"","adv-header-id-meta":"","stick-header-meta":"","header-above-stick-meta":"","header-main-stick-meta":"","header-below-stick-meta":"","astra-migrate-meta-layouts":"default","ast-page-background-enabled":"default","ast-page-background-meta":{"desktop":{"background-color":"var(--ast-global-color-4)","background-image":"","background-repeat":"repeat","background-position":"center center","background-size":"auto","background-attachment":"scroll","background-type":"","background-media":"","overlay-type":"","overlay-color":"","overlay-opacity":"","overlay-gradient":""},"tablet":{"background-color":"","background-image":"","background-repeat":"repeat","background-position":"center center","background-size":"auto","background-attachment":"scroll","background-type":"","background-media":"","overlay-type":"","overlay-color":"","overlay-opacity":"","overlay-gradient":""},"mobile":{"background-color":"","background-image":"","background-repeat":"repeat","background-position":"center center","background-size":"auto","background-attachment":"scroll","background-type":"","background-media":"","overlay-type":"","overlay-color":"","overlay-opacity":"","overlay-gradient":""}},"ast-content-background-meta":{"desktop":{"background-color":"var(--ast-global-color-5)","background-image":"","background-repeat":"repeat","background-position":"center center","background-size":"auto","background-attachment":"scroll","background-type":"","background-media":"","overlay-type":"","overlay-color":"","overlay-opacity":"","overlay-gradient":""},"tablet":{"background-color":"var(--ast-global-color-5)","background-image":"","background-repeat":"repeat","background-position":"center center","background-size":"auto","background-attachment":"scroll","background-type":"","background-media":"","overlay-type":"","overlay-color":"","overlay-opacity":"","overlay-gradient":""},"mobile":{"background-color":"var(--ast-global-color-5)","background-image":"","background-repeat":"repeat","background-position":"center center","background-size":"auto","background-attachment":"scroll","background-type":"","background-media":"","overlay-type":"","overlay-color":"","overlay-opacity":"","overlay-gradient":""}},"ngg_post_thumbnail":0,"footnotes":""},"class_list":["post-5075","page","type-page","status-publish","hentry"],"_links":{"self":[{"href":"https:\/\/meilinbristiel.com\/leblogdemeilin\/wp-json\/wp\/v2\/pages\/5075","targetHints":{"allow":["GET"]}}],"collection":[{"href":"https:\/\/meilinbristiel.com\/leblogdemeilin\/wp-json\/wp\/v2\/pages"}],"about":[{"href":"https:\/\/meilinbristiel.com\/leblogdemeilin\/wp-json\/wp\/v2\/types\/page"}],"author":[{"embeddable":true,"href":"https:\/\/meilinbristiel.com\/leblogdemeilin\/wp-json\/wp\/v2\/users\/2"}],"replies":[{"embeddable":true,"href":"https:\/\/meilinbristiel.com\/leblogdemeilin\/wp-json\/wp\/v2\/comments?post=5075"}],"version-history":[{"count":0,"href":"https:\/\/meilinbristiel.com\/leblogdemeilin\/wp-json\/wp\/v2\/pages\/5075\/revisions"}],"up":[{"embeddable":true,"href":"https:\/\/meilinbristiel.com\/leblogdemeilin\/wp-json\/wp\/v2\/pages\/3967"}],"wp:attachment":[{"href":"https:\/\/meilinbristiel.com\/leblogdemeilin\/wp-json\/wp\/v2\/media?parent=5075"}],"curies":[{"name":"wp","href":"https:\/\/api.w.org\/{rel}","templated":true}]}}