{"id":5077,"date":"2016-01-27T12:06:25","date_gmt":"2016-01-27T11:06:25","guid":{"rendered":"http:\/\/meilinbristiel.com\/leblogdemeilin\/?page_id=5077"},"modified":"2016-02-01T09:16:36","modified_gmt":"2016-02-01T08:16:36","slug":"grotesques","status":"publish","type":"page","link":"https:\/\/meilinbristiel.com\/leblogdemeilin\/materials-and-patterns-2\/grotesques\/","title":{"rendered":"Grotesques"},"content":{"rendered":"<p><span style=\"color: #000000;\"><span style=\"font-family: 'Times New Roman', serif;\"><span style=\"font-size: medium;\"><strong>La <u>grotesque<\/u><\/strong> nous vient de la Rome antique, elle tient son nom de sa d\u00e9couverte au XVe si\u00e8cle, dans le palais de N\u00e9ron, le Domus Aurea, qui par son enfouissement sous les thermes de Trajan donnait l&rsquo;impression d&rsquo;\u00eatre une grotte. Il s&rsquo;agit \u00e9galement d&rsquo;un motif de feuillages entrelac\u00e9s, mais il peut \u00e9galement inclure des personnages extravagants, des figures mythiques ou des animaux fantastiques. La grotesque ne se soucie ni de pesanteur, ni de sym\u00e9trie.<\/span><\/span><\/span><\/p>\n<p><span style=\"color: #000000;\"><span style=\"font-family: 'Times New Roman', serif;\"><span style=\"font-size: medium;\"><i><b>Gravure, Jean Coussin de Oude, 1550-1599, Rijksmuseum<\/b><\/i><\/span><\/span><\/span><\/p>\n<p><img loading=\"lazy\" decoding=\"async\" class=\"alignnone size-full wp-image-5145\" src=\"https:\/\/meilinbristiel.com\/leblogdemeilin\/wp-content\/uploads\/2016\/01\/Grotesque-Jean-Coussin-de-Oude.jpg\" alt=\"Grotesque, Jean Coussin de Oude\" width=\"4440\" height=\"5274\" srcset=\"https:\/\/meilinbristiel.com\/leblogdemeilin\/wp-content\/uploads\/2016\/01\/Grotesque-Jean-Coussin-de-Oude.jpg 4440w, https:\/\/meilinbristiel.com\/leblogdemeilin\/wp-content\/uploads\/2016\/01\/Grotesque-Jean-Coussin-de-Oude-253x300.jpg 253w, https:\/\/meilinbristiel.com\/leblogdemeilin\/wp-content\/uploads\/2016\/01\/Grotesque-Jean-Coussin-de-Oude-862x1024.jpg 862w\" sizes=\"auto, (max-width: 4440px) 100vw, 4440px\" \/><\/p>\n<p><em><strong>Grotesque,Blaise de Vigenere. livrets de fetes, XVIe siecle, Bibliotheque de l&rsquo;INHA<\/strong><\/em><\/p>\n<p><img loading=\"lazy\" decoding=\"async\" class=\"alignnone size-full wp-image-5146\" src=\"https:\/\/meilinbristiel.com\/leblogdemeilin\/wp-content\/uploads\/2016\/01\/GrotesqueBlaise-de-Vigenere.-livrets-de-fetes-XVIe-siecle-INHA.png\" alt=\"Grotesque,Blaise de Vigenere. livrets de fetes, XVIe siecle, INHA\" width=\"679\" height=\"583\" srcset=\"https:\/\/meilinbristiel.com\/leblogdemeilin\/wp-content\/uploads\/2016\/01\/GrotesqueBlaise-de-Vigenere.-livrets-de-fetes-XVIe-siecle-INHA.png 679w, https:\/\/meilinbristiel.com\/leblogdemeilin\/wp-content\/uploads\/2016\/01\/GrotesqueBlaise-de-Vigenere.-livrets-de-fetes-XVIe-siecle-INHA-300x258.png 300w\" sizes=\"auto, (max-width: 679px) 100vw, 679px\" \/><\/p>\n<p><em><strong>Etude pour une grotesque,\u00a0<\/strong><strong>Bibliotheque de l&rsquo;INHA<\/strong><\/em><\/p>\n<p><img loading=\"lazy\" decoding=\"async\" class=\"alignnone size-full wp-image-5147\" src=\"https:\/\/meilinbristiel.com\/leblogdemeilin\/wp-content\/uploads\/2016\/01\/grotesque.jpg\" alt=\"grotesque\" width=\"4068\" height=\"5472\" srcset=\"https:\/\/meilinbristiel.com\/leblogdemeilin\/wp-content\/uploads\/2016\/01\/grotesque.jpg 4068w, https:\/\/meilinbristiel.com\/leblogdemeilin\/wp-content\/uploads\/2016\/01\/grotesque-223x300.jpg 223w, https:\/\/meilinbristiel.com\/leblogdemeilin\/wp-content\/uploads\/2016\/01\/grotesque-761x1024.jpg 761w\" sizes=\"auto, (max-width: 4068px) 100vw, 4068px\" \/><\/p>\n<p><em><strong>L&rsquo;air, \u00a0Philips Galle 1547-1622, Rijksmuseum<\/strong><\/em><\/p>\n<p><img loading=\"lazy\" decoding=\"async\" class=\"alignnone size-full wp-image-5148\" src=\"https:\/\/meilinbristiel.com\/leblogdemeilin\/wp-content\/uploads\/2016\/01\/Lair-Philips-Galle-1547-1622.jpg\" alt=\"L'air Philips Galle 1547-1622\" width=\"856\" height=\"1280\" srcset=\"https:\/\/meilinbristiel.com\/leblogdemeilin\/wp-content\/uploads\/2016\/01\/Lair-Philips-Galle-1547-1622.jpg 856w, https:\/\/meilinbristiel.com\/leblogdemeilin\/wp-content\/uploads\/2016\/01\/Lair-Philips-Galle-1547-1622-201x300.jpg 201w, https:\/\/meilinbristiel.com\/leblogdemeilin\/wp-content\/uploads\/2016\/01\/Lair-Philips-Galle-1547-1622-685x1024.jpg 685w\" sizes=\"auto, (max-width: 856px) 100vw, 856px\" \/><\/p>\n<p><em><strong>L&rsquo;eau Philips Galle 1547-1622,\u00a0Rijksmuseum<\/strong><\/em><\/p>\n<p><img loading=\"lazy\" decoding=\"async\" class=\"alignnone size-full wp-image-5149\" src=\"https:\/\/meilinbristiel.com\/leblogdemeilin\/wp-content\/uploads\/2016\/01\/Leau-Philips-Galle-1547-1622.jpg\" alt=\"L'eau Philips Galle 1547-1622\" width=\"855\" height=\"1280\" srcset=\"https:\/\/meilinbristiel.com\/leblogdemeilin\/wp-content\/uploads\/2016\/01\/Leau-Philips-Galle-1547-1622.jpg 855w, https:\/\/meilinbristiel.com\/leblogdemeilin\/wp-content\/uploads\/2016\/01\/Leau-Philips-Galle-1547-1622-200x300.jpg 200w, https:\/\/meilinbristiel.com\/leblogdemeilin\/wp-content\/uploads\/2016\/01\/Leau-Philips-Galle-1547-1622-684x1024.jpg 684w\" sizes=\"auto, (max-width: 855px) 100vw, 855px\" \/><\/p>\n<p><em><strong>La lumiere, Philips Galle 1547-162,\u00a0Rijksmuseum<\/strong><\/em><\/p>\n<p><img loading=\"lazy\" decoding=\"async\" class=\"alignnone size-full wp-image-5150\" src=\"https:\/\/meilinbristiel.com\/leblogdemeilin\/wp-content\/uploads\/2016\/01\/La-lumiere-Philips-Galle-1547-1622.jpg\" alt=\"La lumiere Philips Galle 1547-1622\" width=\"844\" height=\"1280\" srcset=\"https:\/\/meilinbristiel.com\/leblogdemeilin\/wp-content\/uploads\/2016\/01\/La-lumiere-Philips-Galle-1547-1622.jpg 844w, https:\/\/meilinbristiel.com\/leblogdemeilin\/wp-content\/uploads\/2016\/01\/La-lumiere-Philips-Galle-1547-1622-198x300.jpg 198w, https:\/\/meilinbristiel.com\/leblogdemeilin\/wp-content\/uploads\/2016\/01\/La-lumiere-Philips-Galle-1547-1622-675x1024.jpg 675w\" sizes=\"auto, (max-width: 844px) 100vw, 844px\" \/><\/p>\n<p><em><strong>R\u00e9f\u00e9rences:<\/strong><\/em><\/p>\n<p><a href=\"https:\/\/www.rijksmuseum.nl\/en\/explore-the-collection\" target=\"_blank\">https:\/\/www.rijksmuseum.nl\/en\/explore-the-collection<\/a><\/p>\n<p><a href=\"http:\/\/bibliotheque-numerique.inha.fr\/collection\/?navigation=cat&amp;b=1&amp;esa=resetall\" target=\"_blank\">http:\/\/bibliotheque-numerique.inha.fr\/collection\/?navigation=cat&amp;b=1&amp;esa=resetall<\/a><\/p>\n","protected":false},"excerpt":{"rendered":"<p>La grotesque nous vient de la Rome antique, elle tient son nom de sa d\u00e9couverte au XVe si\u00e8cle, dans le palais de N\u00e9ron, le Domus Aurea, qui par son enfouissement sous les thermes de Trajan donnait l&rsquo;impression d&rsquo;\u00eatre une grotte. Il s&rsquo;agit \u00e9galement d&rsquo;un motif de feuillages entrelac\u00e9s, mais il peut \u00e9galement inclure des personnages [&hellip;]<\/p>\n","protected":false},"author":2,"featured_media":0,"parent":3967,"menu_order":0,"comment_status":"closed","ping_status":"closed","template":"","meta":{"site-sidebar-layout":"default","site-content-layout":"","ast-site-content-layout":"default","site-content-style":"default","site-sidebar-style":"default","ast-global-header-display":"","ast-banner-title-visibility":"","ast-main-header-display":"","ast-hfb-above-header-display":"","ast-hfb-below-header-display":"","ast-hfb-mobile-header-display":"","site-post-title":"","ast-breadcrumbs-content":"","ast-featured-img":"","footer-sml-layout":"","ast-disable-related-posts":"","theme-transparent-header-meta":"","adv-header-id-meta":"","stick-header-meta":"","header-above-stick-meta":"","header-main-stick-meta":"","header-below-stick-meta":"","astra-migrate-meta-layouts":"default","ast-page-background-enabled":"default","ast-page-background-meta":{"desktop":{"background-color":"var(--ast-global-color-4)","background-image":"","background-repeat":"repeat","background-position":"center center","background-size":"auto","background-attachment":"scroll","background-type":"","background-media":"","overlay-type":"","overlay-color":"","overlay-opacity":"","overlay-gradient":""},"tablet":{"background-color":"","background-image":"","background-repeat":"repeat","background-position":"center center","background-size":"auto","background-attachment":"scroll","background-type":"","background-media":"","overlay-type":"","overlay-color":"","overlay-opacity":"","overlay-gradient":""},"mobile":{"background-color":"","background-image":"","background-repeat":"repeat","background-position":"center center","background-size":"auto","background-attachment":"scroll","background-type":"","background-media":"","overlay-type":"","overlay-color":"","overlay-opacity":"","overlay-gradient":""}},"ast-content-background-meta":{"desktop":{"background-color":"var(--ast-global-color-5)","background-image":"","background-repeat":"repeat","background-position":"center center","background-size":"auto","background-attachment":"scroll","background-type":"","background-media":"","overlay-type":"","overlay-color":"","overlay-opacity":"","overlay-gradient":""},"tablet":{"background-color":"var(--ast-global-color-5)","background-image":"","background-repeat":"repeat","background-position":"center center","background-size":"auto","background-attachment":"scroll","background-type":"","background-media":"","overlay-type":"","overlay-color":"","overlay-opacity":"","overlay-gradient":""},"mobile":{"background-color":"var(--ast-global-color-5)","background-image":"","background-repeat":"repeat","background-position":"center center","background-size":"auto","background-attachment":"scroll","background-type":"","background-media":"","overlay-type":"","overlay-color":"","overlay-opacity":"","overlay-gradient":""}},"ngg_post_thumbnail":0,"footnotes":""},"class_list":["post-5077","page","type-page","status-publish","hentry"],"_links":{"self":[{"href":"https:\/\/meilinbristiel.com\/leblogdemeilin\/wp-json\/wp\/v2\/pages\/5077","targetHints":{"allow":["GET"]}}],"collection":[{"href":"https:\/\/meilinbristiel.com\/leblogdemeilin\/wp-json\/wp\/v2\/pages"}],"about":[{"href":"https:\/\/meilinbristiel.com\/leblogdemeilin\/wp-json\/wp\/v2\/types\/page"}],"author":[{"embeddable":true,"href":"https:\/\/meilinbristiel.com\/leblogdemeilin\/wp-json\/wp\/v2\/users\/2"}],"replies":[{"embeddable":true,"href":"https:\/\/meilinbristiel.com\/leblogdemeilin\/wp-json\/wp\/v2\/comments?post=5077"}],"version-history":[{"count":0,"href":"https:\/\/meilinbristiel.com\/leblogdemeilin\/wp-json\/wp\/v2\/pages\/5077\/revisions"}],"up":[{"embeddable":true,"href":"https:\/\/meilinbristiel.com\/leblogdemeilin\/wp-json\/wp\/v2\/pages\/3967"}],"wp:attachment":[{"href":"https:\/\/meilinbristiel.com\/leblogdemeilin\/wp-json\/wp\/v2\/media?parent=5077"}],"curies":[{"name":"wp","href":"https:\/\/api.w.org\/{rel}","templated":true}]}}