{"id":5117,"date":"2016-01-25T12:32:58","date_gmt":"2016-01-25T11:32:58","guid":{"rendered":"http:\/\/meilinbristiel.com\/leblogdemeilin\/?page_id=5117"},"modified":"2016-02-01T09:11:26","modified_gmt":"2016-02-01T08:11:26","slug":"acanthe","status":"publish","type":"page","link":"https:\/\/meilinbristiel.com\/leblogdemeilin\/materials-and-patterns-2\/acanthe\/","title":{"rendered":"Acanthe"},"content":{"rendered":"<p>L&rsquo;acanthe, Acanthus Spinosus, est une plante m\u00e9diterran\u00e9enne dont les longues feuilles d\u00e9coup\u00e9es pr\u00e9sentent des extr\u00e9mit\u00e9s qui s&rsquo;enroulent sur elles-m\u00eames.<\/p>\n<p>Dans l&rsquo;antiquit\u00e9, les grecs ont \u00e9t\u00e9s les premiers \u00e0 l&rsquo;introduire, originellement sur les colonnes de l&rsquo;ordre corinthien. Il consiste en une stylisation de la feuille d&rsquo;acanthe dont la caract\u00e9ristique principale est le mouvement ascendant et sans parall\u00e9lisme, toutes les d\u00e9coupes et les nervures s&rsquo;\u00e9cartant en remontant, ce qui en fait un \u00e9l\u00e9ment tres dynamique et de grande qualit\u00e9 plastique.<\/p>\n<p><em><strong>Frise, Mus\u00e9e\u00a0arch\u00e9ologique, Arles Antique<\/strong><\/em><\/p>\n<p><img loading=\"lazy\" decoding=\"async\" class=\"alignnone size-full wp-image-5110\" src=\"https:\/\/meilinbristiel.com\/leblogdemeilin\/wp-content\/uploads\/2016\/01\/musee-arles.jpg\" alt=\"musee arles\" width=\"1280\" height=\"853\" srcset=\"https:\/\/meilinbristiel.com\/leblogdemeilin\/wp-content\/uploads\/2016\/01\/musee-arles.jpg 1280w, https:\/\/meilinbristiel.com\/leblogdemeilin\/wp-content\/uploads\/2016\/01\/musee-arles-300x200.jpg 300w, https:\/\/meilinbristiel.com\/leblogdemeilin\/wp-content\/uploads\/2016\/01\/musee-arles-1024x682.jpg 1024w\" sizes=\"auto, (max-width: 1280px) 100vw, 1280px\" \/><\/p>\n<p>Cela explique peut \u00eatre son succ\u00e8s \u00e0 travers les \u00e2ges: en effet la feuille d&rsquo;acanthe en tant que motif d\u00e9coratif sera largement reprise dans l&rsquo;antiquit\u00e9, puis par la suite dans de tres nombreux styles de l&rsquo;histoire occidentale avec \u00e0 chaque fois une stylisation propre \u00e0 son \u00e9poque, jusqu&rsquo;\u00e0 devenir de nos jour un \u00e9l\u00e9ment quasi inconscient de la d\u00e9coration.<\/p>\n<p>Voici une liste quelques exemples de l&rsquo;utilisation de l&rsquo;acanthe dans diff\u00e8rent arts d\u00e9coratifs :<\/p>\n<p>Tout d&rsquo;abord dans le mobilier Fran\u00e7ais, avec une iconographie tir\u00e9e des ouvrages suivants:<\/p>\n<ul>\n<li>\n<p>Tous les style du Louis XIII \u00e0 l&rsquo;art d\u00e9co, de Sylvie Chadenet et Maurice Esp\u00e9rance, \u00e9ditions Sofedis (pour les dessins)<\/p>\n<\/li>\n<li>\n<p>18e aux sources du design, chefs d&rsquo;oeuvre du mobilier 1650-1790, Chateau de Versailles, album de l&rsquo;exposition, \u00e9ditions Faton (pour les photographies)<\/p>\n<\/li>\n<\/ul>\n<p><em><strong>Sous Louis XIII\u00a0:<\/strong><\/em> la feuille d&rsquo;acanthe se pr\u00e9sente le plus souvent en rinceau.<\/p>\n<p><img loading=\"lazy\" decoding=\"async\" class=\"alignnone size-full wp-image-5142\" src=\"https:\/\/meilinbristiel.com\/leblogdemeilin\/wp-content\/uploads\/2016\/01\/Scan.jpg\" alt=\"Scan\" width=\"640\" height=\"185\" srcset=\"https:\/\/meilinbristiel.com\/leblogdemeilin\/wp-content\/uploads\/2016\/01\/Scan.jpg 640w, https:\/\/meilinbristiel.com\/leblogdemeilin\/wp-content\/uploads\/2016\/01\/Scan-300x87.jpg 300w\" sizes=\"auto, (max-width: 640px) 100vw, 640px\" \/><\/p>\n<p><em><strong>Sous Louis XIV\u00a0:<\/strong><\/em> les feuilles d&rsquo;acanthe, comme les autres plantes, se plient a toutes les fantaisies\u00a0; elles s&rsquo;\u00e9tirent et s&rsquo;enroulent en rinceaux, en rosaces, en crosses..<\/p>\n<p><img loading=\"lazy\" decoding=\"async\" class=\"alignnone size-full wp-image-5138\" src=\"https:\/\/meilinbristiel.com\/leblogdemeilin\/wp-content\/uploads\/2016\/01\/Scan-42.jpg\" alt=\"Scan 42\" width=\"1160\" height=\"793\" srcset=\"https:\/\/meilinbristiel.com\/leblogdemeilin\/wp-content\/uploads\/2016\/01\/Scan-42.jpg 1160w, https:\/\/meilinbristiel.com\/leblogdemeilin\/wp-content\/uploads\/2016\/01\/Scan-42-300x205.jpg 300w, https:\/\/meilinbristiel.com\/leblogdemeilin\/wp-content\/uploads\/2016\/01\/Scan-42-1024x700.jpg 1024w\" sizes=\"auto, (max-width: 1160px) 100vw, 1160px\" \/><\/p>\n<p><em><strong>Commode de Louis XIV, Andr\u00e9-Charles Boulle, 1708\u00a0:<\/strong><\/em> la feuille d&rsquo;acanthe est pr\u00e9sente tant sculpt\u00e9e sur les bronzes, que figur\u00e9e sur la marqueterie<\/p>\n<p><img loading=\"lazy\" decoding=\"async\" class=\"alignnone size-full wp-image-5132\" src=\"https:\/\/meilinbristiel.com\/leblogdemeilin\/wp-content\/uploads\/2016\/01\/Scan-7.jpg\" alt=\"Scan 7\" width=\"640\" height=\"500\" srcset=\"https:\/\/meilinbristiel.com\/leblogdemeilin\/wp-content\/uploads\/2016\/01\/Scan-7.jpg 640w, https:\/\/meilinbristiel.com\/leblogdemeilin\/wp-content\/uploads\/2016\/01\/Scan-7-300x234.jpg 300w\" sizes=\"auto, (max-width: 640px) 100vw, 640px\" \/><\/p>\n<p><em><strong>Sous la R\u00e9gence\u00a0:<\/strong><\/em> la feuille d&rsquo;acanthe se modifie, s&rsquo;allonge, s&rsquo;assouplit sans se tordre ni se d\u00e9chiqueter. On la trouve au pied des meubles, des si\u00e8ges, \u00e0 l&rsquo;\u00e9paulement du dossier. Associ\u00e9e \u00e0 d&rsquo;autres motifs, comme la coquille, les mascarons, les palmettes, elle se glisse partout.\u00a0<\/p>\n<p><img loading=\"lazy\" decoding=\"async\" class=\"alignnone size-full wp-image-5129\" src=\"https:\/\/meilinbristiel.com\/leblogdemeilin\/wp-content\/uploads\/2016\/01\/Scan-3.jpg\" alt=\"Scan 3\" width=\"640\" height=\"487\" srcset=\"https:\/\/meilinbristiel.com\/leblogdemeilin\/wp-content\/uploads\/2016\/01\/Scan-3.jpg 640w, https:\/\/meilinbristiel.com\/leblogdemeilin\/wp-content\/uploads\/2016\/01\/Scan-3-300x228.jpg 300w\" sizes=\"auto, (max-width: 640px) 100vw, 640px\" \/><\/p>\n<p><em><strong>Fauteuil, Pierre Crozat, vers 1710-1720<\/strong><\/em><\/p>\n<p><img loading=\"lazy\" decoding=\"async\" class=\"alignnone size-full wp-image-5133\" src=\"https:\/\/meilinbristiel.com\/leblogdemeilin\/wp-content\/uploads\/2016\/01\/Scan-8.jpg\" alt=\"Scan 8\" width=\"484\" height=\"640\" srcset=\"https:\/\/meilinbristiel.com\/leblogdemeilin\/wp-content\/uploads\/2016\/01\/Scan-8.jpg 484w, https:\/\/meilinbristiel.com\/leblogdemeilin\/wp-content\/uploads\/2016\/01\/Scan-8-227x300.jpg 227w\" sizes=\"auto, (max-width: 484px) 100vw, 484px\" \/><\/p>\n<p><strong><em>Sous Louis XV\u00a0:<\/em><\/strong> la feuille d&rsquo;acanthe effil\u00e9e se m\u00e9lange intimement \u00e0 tous les motifs de rocailles.<\/p>\n<p><img loading=\"lazy\" decoding=\"async\" class=\"alignnone size-full wp-image-5130\" src=\"https:\/\/meilinbristiel.com\/leblogdemeilin\/wp-content\/uploads\/2016\/01\/Scan-5.jpg\" alt=\"Scan 5\" width=\"561\" height=\"505\" srcset=\"https:\/\/meilinbristiel.com\/leblogdemeilin\/wp-content\/uploads\/2016\/01\/Scan-5.jpg 561w, https:\/\/meilinbristiel.com\/leblogdemeilin\/wp-content\/uploads\/2016\/01\/Scan-5-300x270.jpg 300w\" sizes=\"auto, (max-width: 561px) 100vw, 561px\" \/><\/p>\n<p><em><strong>La console rocaille,\u00a0\u00e9poque Louis XV<\/strong><\/em><\/p>\n<p><img loading=\"lazy\" decoding=\"async\" class=\"alignnone size-full wp-image-5143\" src=\"https:\/\/meilinbristiel.com\/leblogdemeilin\/wp-content\/uploads\/2016\/01\/Scan-6.jpeg\" alt=\"Scan 6\" width=\"954\" height=\"785\" srcset=\"https:\/\/meilinbristiel.com\/leblogdemeilin\/wp-content\/uploads\/2016\/01\/Scan-6.jpeg 954w, https:\/\/meilinbristiel.com\/leblogdemeilin\/wp-content\/uploads\/2016\/01\/Scan-6-300x247.jpeg 300w\" sizes=\"auto, (max-width: 954px) 100vw, 954px\" \/><\/p>\n<p><em><strong>Commode de Louis XV \u00e0 Choisy, Antoine Robert Gaudreaus, 1744<\/strong><\/em><\/p>\n<p><img loading=\"lazy\" decoding=\"async\" class=\"alignnone size-full wp-image-5134\" src=\"https:\/\/meilinbristiel.com\/leblogdemeilin\/wp-content\/uploads\/2016\/01\/Scan-9.jpg\" alt=\"Scan 9\" width=\"640\" height=\"433\" srcset=\"https:\/\/meilinbristiel.com\/leblogdemeilin\/wp-content\/uploads\/2016\/01\/Scan-9.jpg 640w, https:\/\/meilinbristiel.com\/leblogdemeilin\/wp-content\/uploads\/2016\/01\/Scan-9-300x203.jpg 300w\" sizes=\"auto, (max-width: 640px) 100vw, 640px\" \/><\/p>\n<p><em><strong>Sous Louis XVI:<\/strong> <\/em>ce style n\u00e9oclassique ne pouvait manquer d&rsquo;utiliser la feuille d&rsquo;acanthe en tant que motif d\u00e9coratif, mais cette plante ne domine pas, elle est au contraire associ\u00e9e a de nombreux autres \u00e9l\u00e9ment emprunt\u00e9s a la nature et s&rsquo;int\u00e8gre dans les arabesques et les rinceaux<\/p>\n<p><img loading=\"lazy\" decoding=\"async\" class=\"alignnone size-full wp-image-5140\" src=\"https:\/\/meilinbristiel.com\/leblogdemeilin\/wp-content\/uploads\/2016\/01\/Scan-44.jpg\" alt=\"Scan 44\" width=\"805\" height=\"404\" srcset=\"https:\/\/meilinbristiel.com\/leblogdemeilin\/wp-content\/uploads\/2016\/01\/Scan-44.jpg 805w, https:\/\/meilinbristiel.com\/leblogdemeilin\/wp-content\/uploads\/2016\/01\/Scan-44-300x151.jpg 300w\" sizes=\"auto, (max-width: 805px) 100vw, 805px\" \/><\/p>\n<p><em><strong>D\u00e9tail du serre-bijoux de Marie-Antoinette, Ferdinand Schwerdfeger, 1787<\/strong><\/em><\/p>\n<p><img loading=\"lazy\" decoding=\"async\" class=\"alignnone size-full wp-image-5135\" src=\"https:\/\/meilinbristiel.com\/leblogdemeilin\/wp-content\/uploads\/2016\/01\/Scan-10.jpg\" alt=\"Scan 10\" width=\"267\" height=\"640\" srcset=\"https:\/\/meilinbristiel.com\/leblogdemeilin\/wp-content\/uploads\/2016\/01\/Scan-10.jpg 267w, https:\/\/meilinbristiel.com\/leblogdemeilin\/wp-content\/uploads\/2016\/01\/Scan-10-125x300.jpg 125w\" sizes=\"auto, (max-width: 267px) 100vw, 267px\" \/><\/p>\n<p><em><strong>Sous l&rsquo;Empire<\/strong><\/em>\u00a0: les motifs d&rsquo;origine v\u00e9g\u00e9tale sont moins nombreux, cependant la feuille d&rsquo;acanthe reste pr\u00e9sente car elle est associ\u00e9e \u00e0 l&rsquo;art greco-romain auquel le style Empire fait constamment r\u00e9f\u00e9rence.<\/p>\n<p><img loading=\"lazy\" decoding=\"async\" class=\"alignnone size-full wp-image-5141\" src=\"https:\/\/meilinbristiel.com\/leblogdemeilin\/wp-content\/uploads\/2016\/01\/Scan-45.jpg\" alt=\"Scan 45\" width=\"769\" height=\"351\" srcset=\"https:\/\/meilinbristiel.com\/leblogdemeilin\/wp-content\/uploads\/2016\/01\/Scan-45.jpg 769w, https:\/\/meilinbristiel.com\/leblogdemeilin\/wp-content\/uploads\/2016\/01\/Scan-45-300x137.jpg 300w\" sizes=\"auto, (max-width: 769px) 100vw, 769px\" \/><\/p>\n<p>&nbsp;<\/p>\n<p>Par ailleurs, voici quelques exemples d&rsquo;utilisation de la feuille d&rsquo;acanthe dans les arts d\u00e9coratifs anglais de la fin du XIXe. Les photographies sont tir\u00e9es des livres de la collection\u00a0: V&amp;A Pattern, V&amp;A Publishing<\/p>\n<p><em><strong>Athenian, papier peint, Lewis Foreman Day\/ Jeffrey &amp; Co, 1887-1900, dans V&amp;A Pattern\u00a0: Garden Florals<\/strong><\/em><\/p>\n<p><img loading=\"lazy\" decoding=\"async\" class=\"size-full wp-image-5118\" src=\"https:\/\/meilinbristiel.com\/leblogdemeilin\/wp-content\/uploads\/2016\/01\/9.VA_.-E.23087\u20131957.jpg\" alt=\"CIS:E.23087-1957\" width=\"451\" height=\"640\" srcset=\"https:\/\/meilinbristiel.com\/leblogdemeilin\/wp-content\/uploads\/2016\/01\/9.VA_.-E.23087\u20131957.jpg 451w, https:\/\/meilinbristiel.com\/leblogdemeilin\/wp-content\/uploads\/2016\/01\/9.VA_.-E.23087\u20131957-211x300.jpg 211w\" sizes=\"auto, (max-width: 451px) 100vw, 451px\" \/><\/p>\n<p><em><strong>Design pour un papier peint, Charlotte Horne Spier, fin XIXe, dans V&amp;A Pattern\u00a0: Garden Florals<\/strong><\/em><\/p>\n<p><img loading=\"lazy\" decoding=\"async\" class=\"size-full wp-image-5119\" src=\"https:\/\/meilinbristiel.com\/leblogdemeilin\/wp-content\/uploads\/2016\/01\/15.VA_.-E.48\u20131917.jpg\" alt=\"CIS:E.48-1917\" width=\"451\" height=\"640\" srcset=\"https:\/\/meilinbristiel.com\/leblogdemeilin\/wp-content\/uploads\/2016\/01\/15.VA_.-E.48\u20131917.jpg 451w, https:\/\/meilinbristiel.com\/leblogdemeilin\/wp-content\/uploads\/2016\/01\/15.VA_.-E.48\u20131917-211x300.jpg 211w\" sizes=\"auto, (max-width: 451px) 100vw, 451px\" \/><\/p>\n<p><em><strong>Peacocks and Amorini, papier peint, 1877, Walter Crane\/Jeffrey &amp;Co, dans V&amp;A Pattern\u00a0: Walter Crane<\/strong><\/em><\/p>\n<p><img loading=\"lazy\" decoding=\"async\" class=\"alignnone size-full wp-image-5121\" src=\"https:\/\/meilinbristiel.com\/leblogdemeilin\/wp-content\/uploads\/2016\/01\/38.VA_.-E.4047\u20131915.jpg\" alt=\"38.V&amp;A. E.4047\u20131915\" width=\"451\" height=\"640\" srcset=\"https:\/\/meilinbristiel.com\/leblogdemeilin\/wp-content\/uploads\/2016\/01\/38.VA_.-E.4047\u20131915.jpg 451w, https:\/\/meilinbristiel.com\/leblogdemeilin\/wp-content\/uploads\/2016\/01\/38.VA_.-E.4047\u20131915-211x300.jpg 211w\" sizes=\"auto, (max-width: 451px) 100vw, 451px\" \/><\/p>\n<p><em><strong>Dove and Daisy, frise de papier peint, 1876, Walter Crane\/Jeffrey &amp;co, dans V&amp;A Pattern\u00a0: Walter Crane<\/strong><\/em><\/p>\n<p><img loading=\"lazy\" decoding=\"async\" class=\"alignnone size-full wp-image-5123\" src=\"https:\/\/meilinbristiel.com\/leblogdemeilin\/wp-content\/uploads\/2016\/01\/E.VA_.-E.1886-1934.jpg\" alt=\"E.V&amp;A. E.1886-1934\" width=\"640\" height=\"446\" srcset=\"https:\/\/meilinbristiel.com\/leblogdemeilin\/wp-content\/uploads\/2016\/01\/E.VA_.-E.1886-1934.jpg 640w, https:\/\/meilinbristiel.com\/leblogdemeilin\/wp-content\/uploads\/2016\/01\/E.VA_.-E.1886-1934-300x209.jpg 300w\" sizes=\"auto, (max-width: 640px) 100vw, 640px\" \/><\/p>\n<p><em><strong>Queen Anne, papier peint, William Morris\u00a0\/ Morris &amp; Co, dans V&amp;A Pattern\u00a0: William Morris<\/strong><\/em><\/p>\n<p><img loading=\"lazy\" decoding=\"async\" class=\"alignnone size-full wp-image-5122\" src=\"https:\/\/meilinbristiel.com\/leblogdemeilin\/wp-content\/uploads\/2016\/01\/42.VA_.-E.3722\u20131927.jpg\" alt=\"42.V&amp;A. E.3722\u20131927\" width=\"451\" height=\"640\" srcset=\"https:\/\/meilinbristiel.com\/leblogdemeilin\/wp-content\/uploads\/2016\/01\/42.VA_.-E.3722\u20131927.jpg 451w, https:\/\/meilinbristiel.com\/leblogdemeilin\/wp-content\/uploads\/2016\/01\/42.VA_.-E.3722\u20131927-211x300.jpg 211w\" sizes=\"auto, (max-width: 451px) 100vw, 451px\" \/><\/p>\n<p><em><strong>Bibliographie:<\/strong><\/em><\/p>\n<p>Tous les style du Louis XIII \u00e0 l&rsquo;art d\u00e9co, de Sylvie Chadenet et Maurice Esp\u00e9rance, \u00e9ditions Sofedis (pour les dessins)<\/p>\n<p>18e aux sources du design, chefs d&rsquo;oeuvre du mobilier 1650-1790, Chateau de Versailles, album de l&rsquo;exposition, \u00e9ditions Faton (pour les photographies)<\/p>\n<p>V&amp;A Pattern, V&amp;A Publishing: Garden florals<\/p>\n<p>V&amp;A Pattern, V&amp;A Publishing: William Morris<\/p>\n<p>V&amp;A Pattern, V&amp;A Publishing: Walter Crane<\/p>\n","protected":false},"excerpt":{"rendered":"<p>L&rsquo;acanthe, Acanthus Spinosus, est une plante m\u00e9diterran\u00e9enne dont les longues feuilles d\u00e9coup\u00e9es pr\u00e9sentent des extr\u00e9mit\u00e9s qui s&rsquo;enroulent sur elles-m\u00eames. Dans l&rsquo;antiquit\u00e9, les grecs ont \u00e9t\u00e9s les premiers \u00e0 l&rsquo;introduire, originellement sur les colonnes de l&rsquo;ordre corinthien. Il consiste en une stylisation de la feuille d&rsquo;acanthe dont la caract\u00e9ristique principale est le mouvement ascendant et sans [&hellip;]<\/p>\n","protected":false},"author":2,"featured_media":0,"parent":3967,"menu_order":0,"comment_status":"closed","ping_status":"closed","template":"","meta":{"site-sidebar-layout":"default","site-content-layout":"","ast-site-content-layout":"default","site-content-style":"default","site-sidebar-style":"default","ast-global-header-display":"","ast-banner-title-visibility":"","ast-main-header-display":"","ast-hfb-above-header-display":"","ast-hfb-below-header-display":"","ast-hfb-mobile-header-display":"","site-post-title":"","ast-breadcrumbs-content":"","ast-featured-img":"","footer-sml-layout":"","ast-disable-related-posts":"","theme-transparent-header-meta":"","adv-header-id-meta":"","stick-header-meta":"","header-above-stick-meta":"","header-main-stick-meta":"","header-below-stick-meta":"","astra-migrate-meta-layouts":"default","ast-page-background-enabled":"default","ast-page-background-meta":{"desktop":{"background-color":"var(--ast-global-color-4)","background-image":"","background-repeat":"repeat","background-position":"center center","background-size":"auto","background-attachment":"scroll","background-type":"","background-media":"","overlay-type":"","overlay-color":"","overlay-opacity":"","overlay-gradient":""},"tablet":{"background-color":"","background-image":"","background-repeat":"repeat","background-position":"center center","background-size":"auto","background-attachment":"scroll","background-type":"","background-media":"","overlay-type":"","overlay-color":"","overlay-opacity":"","overlay-gradient":""},"mobile":{"background-color":"","background-image":"","background-repeat":"repeat","background-position":"center center","background-size":"auto","background-attachment":"scroll","background-type":"","background-media":"","overlay-type":"","overlay-color":"","overlay-opacity":"","overlay-gradient":""}},"ast-content-background-meta":{"desktop":{"background-color":"var(--ast-global-color-5)","background-image":"","background-repeat":"repeat","background-position":"center center","background-size":"auto","background-attachment":"scroll","background-type":"","background-media":"","overlay-type":"","overlay-color":"","overlay-opacity":"","overlay-gradient":""},"tablet":{"background-color":"var(--ast-global-color-5)","background-image":"","background-repeat":"repeat","background-position":"center center","background-size":"auto","background-attachment":"scroll","background-type":"","background-media":"","overlay-type":"","overlay-color":"","overlay-opacity":"","overlay-gradient":""},"mobile":{"background-color":"var(--ast-global-color-5)","background-image":"","background-repeat":"repeat","background-position":"center center","background-size":"auto","background-attachment":"scroll","background-type":"","background-media":"","overlay-type":"","overlay-color":"","overlay-opacity":"","overlay-gradient":""}},"ngg_post_thumbnail":0,"footnotes":""},"class_list":["post-5117","page","type-page","status-publish","hentry"],"_links":{"self":[{"href":"https:\/\/meilinbristiel.com\/leblogdemeilin\/wp-json\/wp\/v2\/pages\/5117","targetHints":{"allow":["GET"]}}],"collection":[{"href":"https:\/\/meilinbristiel.com\/leblogdemeilin\/wp-json\/wp\/v2\/pages"}],"about":[{"href":"https:\/\/meilinbristiel.com\/leblogdemeilin\/wp-json\/wp\/v2\/types\/page"}],"author":[{"embeddable":true,"href":"https:\/\/meilinbristiel.com\/leblogdemeilin\/wp-json\/wp\/v2\/users\/2"}],"replies":[{"embeddable":true,"href":"https:\/\/meilinbristiel.com\/leblogdemeilin\/wp-json\/wp\/v2\/comments?post=5117"}],"version-history":[{"count":0,"href":"https:\/\/meilinbristiel.com\/leblogdemeilin\/wp-json\/wp\/v2\/pages\/5117\/revisions"}],"up":[{"embeddable":true,"href":"https:\/\/meilinbristiel.com\/leblogdemeilin\/wp-json\/wp\/v2\/pages\/3967"}],"wp:attachment":[{"href":"https:\/\/meilinbristiel.com\/leblogdemeilin\/wp-json\/wp\/v2\/media?parent=5117"}],"curies":[{"name":"wp","href":"https:\/\/api.w.org\/{rel}","templated":true}]}}